{"id":1267,"date":"2026-02-18T11:06:56","date_gmt":"2026-02-18T10:06:56","guid":{"rendered":"https:\/\/studio.dev.silberweiss.de\/?page_id=1267"},"modified":"2026-03-25T10:10:56","modified_gmt":"2026-03-25T09:10:56","slug":"faq","status":"publish","type":"page","link":"https:\/\/studio.dev.silberweiss.de\/de\/faq\/","title":{"rendered":"FAQ"},"content":{"rendered":"<style>.gspb_container-id-gsbp-5d0f5b6{flex-direction:column;box-sizing:border-box;}#gspb_container-id-gsbp-5d0f5b6.gspb_container > p:last-of-type{margin-bottom:0}#gspb_container-id-gsbp-5d0f5b6.gspb_container{position:relative;}#gspb_container-id-gsbp-5d0f5b6.gspb_container{display:flex;flex-direction:column;align-items:center;row-gap:2rem;column-gap:1rem;}@media (max-width:767.98px){#gspb_container-id-gsbp-5d0f5b6.gspb_container{align-items:flex-start;}}@media (max-width:575.98px){#gspb_container-id-gsbp-5d0f5b6.gspb_container{align-items:flex-start;}}<\/style>\n<div class=\"wp-block-greenshift-blocks-container gspb_container gspb_container-gsbp-5d0f5b6\" id=\"gspb_container-id-gsbp-5d0f5b6\" data-aos=\"fade-down\" data-aos-easing=\"ease\" data-aos-duration=\"800\" data-aos-once=\"true\">\n<figure class=\"wp-block-image size-full is-resized\" style=\"margin-top:0;margin-bottom:0\"><img loading=\"lazy\" decoding=\"async\" width=\"209\" height=\"388\" src=\"https:\/\/studio.dev.silberweiss.de\/wp-content\/uploads\/questionmark-icon-2.svg\" alt=\"\" class=\"wp-image-1422\" style=\"width:auto;height:195px\"\/><\/figure>\n\n\n<style>@media (max-width:767.98px){#gspb_heading-id-gsbp-696e7e2,#gspb_heading-id-gsbp-696e7e2 .gsap-g-line{text-align:left!important;}}#gspb_heading-id-gsbp-696e7e2{color:var(--wp--preset--color--accent-1,#e3b6c2);}#gspb_heading-id-gsbp-696e7e2{margin-top:0px;margin-bottom:0px;}<\/style>\n<h2 id=\"gspb_heading-id-gsbp-696e7e2\" class=\"gspb_heading gspb_heading-id-gsbp-696e7e2\">FAQ<\/h2>\n<\/div>\n\n\n\n<div class=\"wp-block-greenshift-blocks-container gspb_container gspb_container-gsbp-8a7a45d\" id=\"gspb_container-id-gsbp-8a7a45d\" data-aos=\"fade-down\" data-aos-delay=\"100\" data-aos-easing=\"ease\" data-aos-duration=\"800\" data-aos-once=\"true\">\n<div class=\"wp-block-group has-global-padding is-layout-constrained wp-block-group-is-layout-constrained\">\n<div data-wp-context=\"{ &quot;autoclose&quot;: true, &quot;accordionItems&quot;: [] }\" data-wp-interactive=\"core\/accordion\" role=\"group\" class=\"wp-block-accordion has-global-padding is-layout-constrained wp-block-accordion-is-layout-constrained\">\n<div data-wp-class--is-open=\"state.isOpen\" data-wp-context=\"{ &quot;id&quot;: &quot;accordion-item-1&quot;, &quot;openByDefault&quot;: false }\" data-wp-init=\"callbacks.initAccordionItems\" data-wp-on-window--hashchange=\"callbacks.hashChange\" class=\"wp-block-accordion-item is-layout-flow wp-block-accordion-item-is-layout-flow\">\n<h3 class=\"wp-block-accordion-heading\"><button aria-expanded=\"false\" aria-controls=\"accordion-item-1-panel\" data-wp-bind--aria-expanded=\"state.isOpen\" data-wp-on--click=\"actions.toggle\" id=\"accordion-item-1\" type=\"button\" class=\"wp-block-accordion-heading__toggle\"><span class=\"wp-block-accordion-heading__toggle-title\"><strong>Was sollte ich mitbringen?<\/strong><\/span><span class=\"wp-block-accordion-heading__toggle-icon\" aria-hidden=\"true\">+<\/span><\/button><\/h3>\n\n\n\n<div inert aria-labelledby=\"accordion-item-1\" data-wp-bind--inert=\"!state.isOpen\" id=\"accordion-item-1-panel\" role=\"region\" class=\"wp-block-accordion-panel is-layout-flow wp-block-accordion-panel-is-layout-flow\">\n<p class=\"wp-block-paragraph translation-block\">Bring Offenheit, eine positive Einstellung und <strong>Grip-Socken<\/strong> mit \u2013 f\u00fcr zus\u00e4tzliche Stabilit\u00e4t und Sicherheit auf dem Megaformer\u2122. Wenn du noch keine hast: kein Problem, Grip-Socken kannst du bei uns im Studio kaufen.<\/p>\n<\/div>\n<\/div>\n\n\n\n<div data-wp-class--is-open=\"state.isOpen\" data-wp-context=\"{ &quot;id&quot;: &quot;accordion-item-2&quot;, &quot;openByDefault&quot;: false }\" data-wp-init=\"callbacks.initAccordionItems\" data-wp-on-window--hashchange=\"callbacks.hashChange\" class=\"wp-block-accordion-item is-layout-flow wp-block-accordion-item-is-layout-flow\">\n<h3 class=\"wp-block-accordion-heading\"><button aria-expanded=\"false\" aria-controls=\"accordion-item-2-panel\" data-wp-bind--aria-expanded=\"state.isOpen\" data-wp-on--click=\"actions.toggle\" id=\"accordion-item-2\" type=\"button\" class=\"wp-block-accordion-heading__toggle\"><span class=\"wp-block-accordion-heading__toggle-title\"><strong>Wie fr\u00fch sollte ich da sein?<\/strong><\/span><span class=\"wp-block-accordion-heading__toggle-icon\" aria-hidden=\"true\">+<\/span><\/button><\/h3>\n\n\n\n<div inert aria-labelledby=\"accordion-item-2\" data-wp-bind--inert=\"!state.isOpen\" id=\"accordion-item-2-panel\" role=\"region\" class=\"wp-block-accordion-panel is-layout-flow wp-block-accordion-panel-is-layout-flow\">\n<p class=\"wp-block-paragraph translation-block\">F\u00fcr deine erste Stunde bitten wir dich, etwa <strong>15 Minuten fr\u00fcher<\/strong> da zu sein.<br>\nSo bleibt Zeit f\u00fcr eine kurze Einf\u00fchrung am Megaformer, f\u00fcr Fragen und daf\u00fcr, dass du uns \u00fcber eventuelle Verletzungen oder Einschr\u00e4nkungen informierst.<\/p>\n\n\n\n<p class=\"wp-block-paragraph\">F\u00fcr ein sicheres und hochwertiges Training k\u00f6nnen wir Erstkundinnen und Erstkunden leider nicht mehr einplanen, wenn sie weniger als 5 Minuten vor Kursbeginn eintreffen.<\/p>\n<\/div>\n<\/div>\n\n\n\n<div data-wp-class--is-open=\"state.isOpen\" data-wp-context=\"{ &quot;id&quot;: &quot;accordion-item-3&quot;, &quot;openByDefault&quot;: false }\" data-wp-init=\"callbacks.initAccordionItems\" data-wp-on-window--hashchange=\"callbacks.hashChange\" class=\"wp-block-accordion-item is-layout-flow wp-block-accordion-item-is-layout-flow\">\n<h3 class=\"wp-block-accordion-heading\"><button aria-expanded=\"false\" aria-controls=\"accordion-item-3-panel\" data-wp-bind--aria-expanded=\"state.isOpen\" data-wp-on--click=\"actions.toggle\" id=\"accordion-item-3\" type=\"button\" class=\"wp-block-accordion-heading__toggle\"><span class=\"wp-block-accordion-heading__toggle-title\"><strong><strong>Was ist, wenn ich mich w\u00e4hrend der Stunde unsicher f\u00fchle?<\/strong><\/strong><\/span><span class=\"wp-block-accordion-heading__toggle-icon\" aria-hidden=\"true\">+<\/span><\/button><\/h3>\n\n\n\n<div inert aria-labelledby=\"accordion-item-3\" data-wp-bind--inert=\"!state.isOpen\" id=\"accordion-item-3-panel\" role=\"region\" class=\"wp-block-accordion-panel is-layout-flow wp-block-accordion-panel-is-layout-flow\">\n<p class=\"wp-block-paragraph\">Das ist v\u00f6llig normal \u2013 besonders in deiner ersten Stunde. Lagree ist eine besondere Methode, und Begriffe sowie Ansagen k\u00f6nnen sich anfangs ungewohnt anf\u00fchlen.<\/p>\n\n\n\n<p class=\"wp-block-paragraph\">Unsere Trainer f\u00fchren dich mit klaren Erkl\u00e4rungen, praktischer Unterst\u00fctzung und einer ruhigen, motivierenden Art durch jede Bewegung. Dank unserer bewusst kleinen Kursgr\u00f6\u00dfen bekommst du jederzeit pers\u00f6nliche Betreuung, w\u00e4hrend du Sicherheit auf dem Ger\u00e4t aufbaust.<\/p>\n\n\n\n<p class=\"wp-block-paragraph\">Lass dir Zeit \u2013 die Fortschritte kommen schnell, und du bist bei uns in besten H\u00e4nden.<\/p>\n<\/div>\n<\/div>\n\n\n\n<div data-wp-class--is-open=\"state.isOpen\" data-wp-context=\"{ &quot;id&quot;: &quot;accordion-item-4&quot;, &quot;openByDefault&quot;: false }\" data-wp-init=\"callbacks.initAccordionItems\" data-wp-on-window--hashchange=\"callbacks.hashChange\" class=\"wp-block-accordion-item is-layout-flow wp-block-accordion-item-is-layout-flow\">\n<h3 class=\"wp-block-accordion-heading\"><button aria-expanded=\"false\" aria-controls=\"accordion-item-4-panel\" data-wp-bind--aria-expanded=\"state.isOpen\" data-wp-on--click=\"actions.toggle\" id=\"accordion-item-4\" type=\"button\" class=\"wp-block-accordion-heading__toggle\"><span class=\"wp-block-accordion-heading__toggle-title\"><strong><strong><strong>Ist Lagree f\u00fcr Anf\u00e4nger geeignet?<\/strong><\/strong><\/strong><\/span><span class=\"wp-block-accordion-heading__toggle-icon\" aria-hidden=\"true\">+<\/span><\/button><\/h3>\n\n\n\n<div inert aria-labelledby=\"accordion-item-4\" data-wp-bind--inert=\"!state.isOpen\" id=\"accordion-item-4-panel\" role=\"region\" class=\"wp-block-accordion-panel is-layout-flow wp-block-accordion-panel-is-layout-flow\">\n<p class=\"wp-block-paragraph\">Ja \u2013 absolut. Lagree holt dich genau dort ab, wo du gerade stehst.<\/p>\n\n\n\n<p class=\"wp-block-paragraph\">Auch wenn die Methode sehr effektiv ist, ist sie zugleich gelenkschonend und stark kontrolliert \u2013 und damit ideal f\u00fcr Einsteiger. Unsere Trainer geben dir klare Anleitungen, passende Anpassungen und pers\u00f6nliche Unterst\u00fctzung w\u00e4hrend der gesamten Stunde.<\/p>\n\n\n\n<p class=\"wp-block-paragraph\">In deiner ersten Session geht es vor allem darum, das Ger\u00e4t kennenzulernen, Sicherheit aufzubauen und bewusst zu bewegen.<\/p>\n<\/div>\n<\/div>\n\n\n\n<div data-wp-class--is-open=\"state.isOpen\" data-wp-context=\"{ &quot;id&quot;: &quot;accordion-item-5&quot;, &quot;openByDefault&quot;: false }\" data-wp-init=\"callbacks.initAccordionItems\" data-wp-on-window--hashchange=\"callbacks.hashChange\" class=\"wp-block-accordion-item is-layout-flow wp-block-accordion-item-is-layout-flow\">\n<h3 class=\"wp-block-accordion-heading\"><button aria-expanded=\"false\" aria-controls=\"accordion-item-5-panel\" data-wp-bind--aria-expanded=\"state.isOpen\" data-wp-on--click=\"actions.toggle\" id=\"accordion-item-5\" type=\"button\" class=\"wp-block-accordion-heading__toggle\"><span class=\"wp-block-accordion-heading__toggle-title\"><strong><strong><strong><strong>Wie oft sollte ich kommen, um Ergebnisse zu sehen?<\/strong><\/strong><\/strong><\/strong><\/span><span class=\"wp-block-accordion-heading__toggle-icon\" aria-hidden=\"true\">+<\/span><\/button><\/h3>\n\n\n\n<div inert aria-labelledby=\"accordion-item-5\" data-wp-bind--inert=\"!state.isOpen\" id=\"accordion-item-5-panel\" role=\"region\" class=\"wp-block-accordion-panel is-layout-flow wp-block-accordion-panel-is-layout-flow\">\n<p class=\"wp-block-paragraph\">Best\u00e4ndigkeit ist der Schl\u00fcssel. F\u00fcr sp\u00fcrbare Verbesserungen bei Kraft, Haltung und Ausdauer empfehlen wir:<\/p>\n\n\n\n<ul class=\"wp-block-list\">\n<li class=\"translation-block\"><strong>2 Kurse pro Woche<\/strong>, um eine starke Basis aufzubauen<\/li>\n\n\n\n<li class=\"translation-block\"><strong>3\u20134 Kurse pro Woche<\/strong> f\u00fcr schnellere Ver\u00e4nderungen und Leistungssteigerung<\/li>\n<\/ul>\n\n\n\n<p class=\"wp-block-paragraph\">Lagree ist langfristig nachhaltig aufgebaut \u2013 und unterst\u00fctzt nicht nur Fitnessziele, sondern auch Langlebigkeit, Beweglichkeit und Verletzungspr\u00e4vention.<\/p>\n<\/div>\n<\/div>\n\n\n\n<div data-wp-class--is-open=\"state.isOpen\" data-wp-context=\"{ &quot;id&quot;: &quot;accordion-item-6&quot;, &quot;openByDefault&quot;: false }\" data-wp-init=\"callbacks.initAccordionItems\" data-wp-on-window--hashchange=\"callbacks.hashChange\" class=\"wp-block-accordion-item is-layout-flow wp-block-accordion-item-is-layout-flow\">\n<h3 class=\"wp-block-accordion-heading\"><button aria-expanded=\"false\" aria-controls=\"accordion-item-6-panel\" data-wp-bind--aria-expanded=\"state.isOpen\" data-wp-on--click=\"actions.toggle\" id=\"accordion-item-6\" type=\"button\" class=\"wp-block-accordion-heading__toggle\"><span class=\"wp-block-accordion-heading__toggle-title\"><strong><strong><strong><strong><strong>Ist Lagree f\u00fcr jeden K\u00f6rpertyp geeignet?<\/strong><\/strong><\/strong><\/strong><\/strong><\/span><span class=\"wp-block-accordion-heading__toggle-icon\" aria-hidden=\"true\">+<\/span><\/button><\/h3>\n\n\n\n<div inert aria-labelledby=\"accordion-item-6\" data-wp-bind--inert=\"!state.isOpen\" id=\"accordion-item-6-panel\" role=\"region\" class=\"wp-block-accordion-panel is-layout-flow wp-block-accordion-panel-is-layout-flow\">\n<p class=\"wp-block-paragraph\">Absolut. Lagree ist f\u00fcr jeden K\u00f6rper.<\/p>\n\n\n\n<p class=\"wp-block-paragraph\">Der Megaformer\u2122 erm\u00f6glicht anpassbaren Widerstand und unz\u00e4hlige Modifikationen. So kann jede Person auf ihrem eigenen Level trainieren \u2013 unabh\u00e4ngig von K\u00f6rperform, Gr\u00f6\u00dfe oder Fitness-Erfahrung.<\/p>\n\n\n\n<p class=\"wp-block-paragraph\">Unser Fokus liegt nicht auf Perfektion, sondern auf Fortschritt, Kraft und einer st\u00e4rkeren Verbindung zu deinem K\u00f6rper.<\/p>\n<\/div>\n<\/div>\n\n\n\n<div data-wp-class--is-open=\"state.isOpen\" data-wp-context=\"{ &quot;id&quot;: &quot;accordion-item-7&quot;, &quot;openByDefault&quot;: false }\" data-wp-init=\"callbacks.initAccordionItems\" data-wp-on-window--hashchange=\"callbacks.hashChange\" class=\"wp-block-accordion-item is-layout-flow wp-block-accordion-item-is-layout-flow\">\n<h3 class=\"wp-block-accordion-heading\"><button aria-expanded=\"false\" aria-controls=\"accordion-item-7-panel\" data-wp-bind--aria-expanded=\"state.isOpen\" data-wp-on--click=\"actions.toggle\" id=\"accordion-item-7\" type=\"button\" class=\"wp-block-accordion-heading__toggle\"><span class=\"wp-block-accordion-heading__toggle-title\"><strong><strong><strong><strong><strong><strong>Hei\u00dft ihr alle Geschlechter und Nationalit\u00e4ten willkommen?<\/strong><\/strong><\/strong><\/strong><\/strong><\/strong><\/span><span class=\"wp-block-accordion-heading__toggle-icon\" aria-hidden=\"true\">+<\/span><\/button><\/h3>\n\n\n\n<div inert aria-labelledby=\"accordion-item-7\" data-wp-bind--inert=\"!state.isOpen\" id=\"accordion-item-7-panel\" role=\"region\" class=\"wp-block-accordion-panel is-layout-flow wp-block-accordion-panel-is-layout-flow\">\n<p class=\"wp-block-paragraph\">Ja \u2013 immer.<\/p>\n\n\n\n<p class=\"wp-block-paragraph\">Therapy Studio Alster Lagree ist ein offener, inklusiver Raum, in dem alle willkommen sind. Wir sch\u00e4tzen Vielfalt in jeder Form und freuen uns \u00fcber Menschen aller Geschlechter, Identit\u00e4ten und internationaler Hintergr\u00fcnde.<\/p>\n\n\n\n<p class=\"wp-block-paragraph\">St\u00e4rke ist universell \u2013 und unsere Community ist es auch.<\/p>\n<\/div>\n<\/div>\n\n\n\n<div data-wp-class--is-open=\"state.isOpen\" data-wp-context=\"{ &quot;id&quot;: &quot;accordion-item-8&quot;, &quot;openByDefault&quot;: false }\" data-wp-init=\"callbacks.initAccordionItems\" data-wp-on-window--hashchange=\"callbacks.hashChange\" class=\"wp-block-accordion-item is-layout-flow wp-block-accordion-item-is-layout-flow\">\n<h3 class=\"wp-block-accordion-heading\"><button aria-expanded=\"false\" aria-controls=\"accordion-item-8-panel\" data-wp-bind--aria-expanded=\"state.isOpen\" data-wp-on--click=\"actions.toggle\" id=\"accordion-item-8\" type=\"button\" class=\"wp-block-accordion-heading__toggle\"><span class=\"wp-block-accordion-heading__toggle-title\"><strong><strong><strong><strong><strong><strong><strong>Was sollte ich zum Kurs mitbringen?<\/strong><\/strong><\/strong><\/strong><\/strong><\/strong><\/strong><\/span><span class=\"wp-block-accordion-heading__toggle-icon\" aria-hidden=\"true\">+<\/span><\/button><\/h3>\n\n\n\n<div inert aria-labelledby=\"accordion-item-8\" data-wp-bind--inert=\"!state.isOpen\" id=\"accordion-item-8-panel\" role=\"region\" class=\"wp-block-accordion-panel is-layout-flow wp-block-accordion-panel-is-layout-flow\">\n<p class=\"wp-block-paragraph\"><strong>All you need is:<\/strong><\/p>\n\n\n\n<ul class=\"wp-block-list\">\n<li>Grip-Socken (aus Sicherheitsgr\u00fcnden erforderlich)<\/li>\n\n\n\n<li>bequeme Sportkleidung<\/li>\n\n\n\n<li>eine offene, fokussierte Einstellung<\/li>\n<\/ul>\n\n\n\n<p class=\"wp-block-paragraph\">Grip-Socken kannst du bei Bedarf auch im Studio kaufen.<\/p>\n<\/div>\n<\/div>\n\n\n\n<div data-wp-class--is-open=\"state.isOpen\" data-wp-context=\"{ &quot;id&quot;: &quot;accordion-item-9&quot;, &quot;openByDefault&quot;: false }\" data-wp-init=\"callbacks.initAccordionItems\" data-wp-on-window--hashchange=\"callbacks.hashChange\" class=\"wp-block-accordion-item is-layout-flow wp-block-accordion-item-is-layout-flow\">\n<h3 class=\"wp-block-accordion-heading\"><button aria-expanded=\"false\" aria-controls=\"accordion-item-9-panel\" data-wp-bind--aria-expanded=\"state.isOpen\" data-wp-on--click=\"actions.toggle\" id=\"accordion-item-9\" type=\"button\" class=\"wp-block-accordion-heading__toggle\"><span class=\"wp-block-accordion-heading__toggle-title\"><strong><strong><strong><strong><strong><strong><strong><strong>Ist Lagree sicher, wenn ich Verletzungen oder k\u00f6rperliche Einschr\u00e4nkungen habe?<\/strong><\/strong><\/strong><\/strong><\/strong><\/strong><\/strong><\/strong><\/span><span class=\"wp-block-accordion-heading__toggle-icon\" aria-hidden=\"true\">+<\/span><\/button><\/h3>\n\n\n\n<div inert aria-labelledby=\"accordion-item-9\" data-wp-bind--inert=\"!state.isOpen\" id=\"accordion-item-9-panel\" role=\"region\" class=\"wp-block-accordion-panel is-layout-flow wp-block-accordion-panel-is-layout-flow\">\n<p class=\"wp-block-paragraph\">Lagree ist gelenkschonend und \u201elow impact\u201c \u2013 und damit f\u00fcr viele eine sehr gute Option.<\/p>\n\n\n\n<p class=\"wp-block-paragraph\">Da jeder K\u00f6rper anders ist, bitten wir dich dennoch dringend, vor dem Kurs \u00fcber Verletzungen, Schmerzen oder medizinische Themen zu informieren, damit wir passende Anpassungen anbieten k\u00f6nnen.<\/p>\n\n\n\n<p class=\"wp-block-paragraph\">Mit unserem physiotherapeutisch gepr\u00e4gten Ansatz haben Sicherheit und langfristige Gesundheit immer oberste Priorit\u00e4t.<\/p>\n<\/div>\n<\/div>\n<\/div>\n<\/div>\n<\/div>","protected":false},"excerpt":{"rendered":"","protected":false},"author":1,"featured_media":0,"parent":0,"menu_order":0,"comment_status":"closed","ping_status":"closed","template":"","meta":{"_gspb_post_css":".gspb_container-id-gsbp-5d0f5b6,.gspb_container-id-gsbp-8a7a45d{flex-direction:column;box-sizing:border-box}#gspb_container-id-gsbp-5d0f5b6.gspb_container>p:last-of-type,#gspb_container-id-gsbp-8a7a45d.gspb_container>p:last-of-type{margin-bottom:0}#gspb_container-id-gsbp-5d0f5b6.gspb_container{position:relative;display:flex;flex-direction:column;justify-content:center;align-items:center;row-gap:2rem;column-gap:3rem}@media (max-width:767.98px){#gspb_container-id-gsbp-5d0f5b6.gspb_container{align-items:flex-start}}@media (max-width:575.98px){#gspb_container-id-gsbp-5d0f5b6.gspb_container{align-items:flex-start}}#gspb_container-id-gsbp-5d0f5b6.gspb_container>*{transition-duration:.8s;transition-timing-function:var(--gs-root-animation-easing, cubic-bezier(0.42, 0, 0.58, 1));--gs-root-animation-delay-multiplier:0.1s;opacity:var(--gs-root-animation-opacity, 0);transition-property:opacity,transform,filter;transform:var(--gs-root-animation-transform, translate3d(0, calc(max(50px, 15%) * -1), 0))}#gspb_container-id-gsbp-5d0f5b6.gspb_container>:first-child{transition-delay:calc(var(--gs-root-animation-delay, .01s) + calc(var(--gs-root-animation-delay-multiplier, .1s)*0))}#gspb_container-id-gsbp-5d0f5b6.gspb_container>:nth-child(2){transition-delay:calc(var(--gs-root-animation-delay, .01s) + calc(var(--gs-root-animation-delay-multiplier, .1s)*1))}#gspb_container-id-gsbp-5d0f5b6.gspb_container>:nth-child(3){transition-delay:calc(var(--gs-root-animation-delay, .01s) + calc(var(--gs-root-animation-delay-multiplier, .1s)*2))}#gspb_container-id-gsbp-5d0f5b6.gspb_container>:nth-child(4){transition-delay:calc(var(--gs-root-animation-delay, .01s) + calc(var(--gs-root-animation-delay-multiplier, .1s)*3))}#gspb_container-id-gsbp-5d0f5b6.gspb_container>:nth-child(5){transition-delay:calc(var(--gs-root-animation-delay, .01s) + calc(var(--gs-root-animation-delay-multiplier, .1s)*4))}#gspb_container-id-gsbp-5d0f5b6.gspb_container>:nth-child(6){transition-delay:calc(var(--gs-root-animation-delay, .01s) + calc(var(--gs-root-animation-delay-multiplier, .1s)*5))}#gspb_container-id-gsbp-5d0f5b6.gspb_container>:nth-child(7){transition-delay:calc(var(--gs-root-animation-delay, .01s) + calc(var(--gs-root-animation-delay-multiplier, .1s)*6))}#gspb_container-id-gsbp-5d0f5b6.gspb_container>:nth-child(8){transition-delay:calc(var(--gs-root-animation-delay, .01s) + calc(var(--gs-root-animation-delay-multiplier, .1s)*7))}#gspb_container-id-gsbp-5d0f5b6.gspb_container>:nth-child(9){transition-delay:calc(var(--gs-root-animation-delay, .01s) + calc(var(--gs-root-animation-delay-multiplier, .1s)*8))}#gspb_container-id-gsbp-5d0f5b6.gspb_container>:nth-child(n+10){transition-delay:calc(var(--gs-root-animation-delay, .01s) + calc(var(--gs-root-animation-delay-multiplier, .1s)*9))}#gspb_container-id-gsbp-5d0f5b6.gspb_container.aos-animate>*,#gspb_container-id-gsbp-5d0f5b6.gspb_container[data-gs-aos]>*{opacity:1;transform:translateZ(0)}#gspb_container-id-gsbp-5d0f5b6.gspb_container{box-sizing:border-box}#gspb_heading-id-gsbp-696e7e2{font-size:var(--wp--preset--font-size--xx-large)!important;text-align:center!important}#gspb_heading-id-gsbp-696e7e2 .gsap-g-line{text-align:center!important}@media (max-width:767.98px){#gspb_heading-id-gsbp-696e7e2,#gspb_heading-id-gsbp-696e7e2 .gsap-g-line{text-align:left!important}}#gspb_heading-id-gsbp-696e7e2{color:var(--wp--preset--color--accent-1, #e3b6c2);margin-top:0;margin-bottom:0}#gspb_container-id-gsbp-8a7a45d.gspb_container{position:relative}#gspb_container-id-gsbp-8a7a45d.gspb_container>*{transition-duration:.8s;transition-timing-function:var(--gs-root-animation-easing, cubic-bezier(0.42, 0, 0.58, 1));transition-delay:0s;opacity:var(--gs-root-animation-opacity, 0);transition-property:opacity,transform,filter;transform:var(--gs-root-animation-transform, translate3d(0, calc(max(50px, 15%) * -1), 0))}#gspb_container-id-gsbp-8a7a45d.gspb_container.aos-animate>*,#gspb_container-id-gsbp-8a7a45d.gspb_container[data-gs-aos]>*{transition-delay:.1s;--gs-root-animation-delay:0.1s}#gspb_container-id-gsbp-8a7a45d.gspb_container>:first-child{transition-delay:calc(var(--gs-root-animation-delay, .01s) + calc(var(--gs-root-animation-delay-multiplier, .1s)*0))}#gspb_container-id-gsbp-8a7a45d.gspb_container>:nth-child(2){transition-delay:calc(var(--gs-root-animation-delay, .01s) + calc(var(--gs-root-animation-delay-multiplier, .1s)*1))}#gspb_container-id-gsbp-8a7a45d.gspb_container>:nth-child(3){transition-delay:calc(var(--gs-root-animation-delay, .01s) + calc(var(--gs-root-animation-delay-multiplier, .1s)*2))}#gspb_container-id-gsbp-8a7a45d.gspb_container>:nth-child(4){transition-delay:calc(var(--gs-root-animation-delay, .01s) + calc(var(--gs-root-animation-delay-multiplier, .1s)*3))}#gspb_container-id-gsbp-8a7a45d.gspb_container>:nth-child(5){transition-delay:calc(var(--gs-root-animation-delay, .01s) + calc(var(--gs-root-animation-delay-multiplier, .1s)*4))}#gspb_container-id-gsbp-8a7a45d.gspb_container>:nth-child(6){transition-delay:calc(var(--gs-root-animation-delay, .01s) + calc(var(--gs-root-animation-delay-multiplier, .1s)*5))}#gspb_container-id-gsbp-8a7a45d.gspb_container>:nth-child(7){transition-delay:calc(var(--gs-root-animation-delay, .01s) + calc(var(--gs-root-animation-delay-multiplier, .1s)*6))}#gspb_container-id-gsbp-8a7a45d.gspb_container>:nth-child(8){transition-delay:calc(var(--gs-root-animation-delay, .01s) + calc(var(--gs-root-animation-delay-multiplier, .1s)*7))}#gspb_container-id-gsbp-8a7a45d.gspb_container>:nth-child(9){transition-delay:calc(var(--gs-root-animation-delay, .01s) + calc(var(--gs-root-animation-delay-multiplier, .1s)*8))}#gspb_container-id-gsbp-8a7a45d.gspb_container>:nth-child(n+10){transition-delay:calc(var(--gs-root-animation-delay, .01s) + calc(var(--gs-root-animation-delay-multiplier, .1s)*9))}#gspb_container-id-gsbp-8a7a45d.gspb_container.aos-animate>*,#gspb_container-id-gsbp-8a7a45d.gspb_container[data-gs-aos]>*{opacity:1;transform:translateZ(0)}#gspb_container-id-gsbp-8a7a45d.gspb_container{box-sizing:border-box}","_crdt_document":"","footnotes":""},"class_list":["post-1267","page","type-page","status-publish","hentry"],"_links":{"self":[{"href":"https:\/\/studio.dev.silberweiss.de\/de\/wp-json\/wp\/v2\/pages\/1267","targetHints":{"allow":["GET"]}}],"collection":[{"href":"https:\/\/studio.dev.silberweiss.de\/de\/wp-json\/wp\/v2\/pages"}],"about":[{"href":"https:\/\/studio.dev.silberweiss.de\/de\/wp-json\/wp\/v2\/types\/page"}],"author":[{"embeddable":true,"href":"https:\/\/studio.dev.silberweiss.de\/de\/wp-json\/wp\/v2\/users\/1"}],"replies":[{"embeddable":true,"href":"https:\/\/studio.dev.silberweiss.de\/de\/wp-json\/wp\/v2\/comments?post=1267"}],"version-history":[{"count":12,"href":"https:\/\/studio.dev.silberweiss.de\/de\/wp-json\/wp\/v2\/pages\/1267\/revisions"}],"predecessor-version":[{"id":1500,"href":"https:\/\/studio.dev.silberweiss.de\/de\/wp-json\/wp\/v2\/pages\/1267\/revisions\/1500"}],"wp:attachment":[{"href":"https:\/\/studio.dev.silberweiss.de\/de\/wp-json\/wp\/v2\/media?parent=1267"}],"curies":[{"name":"wp","href":"https:\/\/api.w.org\/{rel}","templated":true}]}}